{"id":3,"date":"2022-05-07T20:25:18","date_gmt":"2022-05-07T18:25:18","guid":{"rendered":"http:\/\/192.168.0.220:9082\/?page_id=3"},"modified":"2022-06-15T19:32:36","modified_gmt":"2022-06-15T17:32:36","slug":"datenschutzerklaerung","status":"publish","type":"page","link":"https:\/\/www.patterns2brain.ch\/?page_id=3","title":{"rendered":"Datenschutzerkl\u00e4rung"},"content":{"rendered":"\n<p><strong>Allgemeiner Hinweis<\/strong><\/p>\n\n\n\n<p>Wir legen gr\u00f6ssten Wert auf den Schutz Ihrer Daten und die Wahrung Ihrer Privatsph\u00e4re. Nachstehend informieren wir Sie deshalb \u00fcber die Erhebung und Verwendung pers\u00f6nlicher Daten bei der Nutzung unserer Website.<\/p>\n\n\n\n<p>Mit der Nutzung unserer Website stimmen Sie der Verarbeitung Ihrer personenbezogenen Daten nach Massgabe der nachfolgenden Bestimmungen zu. Wir weisen Sie darauf hin, dass die Daten\u00fcbertragung im Internet (z.B. bei der Kommunikation per E-Mail) Sicherheitsl\u00fccken aufweisen kann. Ein l\u00fcckenloser Schutz der Daten vor dem Zugriff durch Dritte ist nicht m\u00f6glich.<\/p>\n\n\n\n<p><strong>Erhebung, Verarbeitung und Nutzung personenbezogener Daten<\/strong><\/p>\n\n\n\n<p>Bei einem Besuch der Website der patterns2brain GmbH (nachfolgend patterns2brain) werden keine personenbezogenen Daten von Ihnen erhoben. Die Nutzung unserer Webseite ist ohne Angabe personenbezogener Daten m\u00f6glich.<\/p>\n\n\n\n<p>Personenbezogene Daten werden nur erhoben, wenn Sie uns diese selbst \u00fcber unser Kontaktformular, via E-Mail, Post oder Telefon mitteilen. Diese Daten werden ausschliesslich zur Beantwortung Ihres Anliegens genutzt und nicht an Dritte weitergegeben.<\/p>\n\n\n\n<p><strong>Cookies<\/strong><\/p>\n\n\n\n<p>Beim Aufruf bestimmter Seiten wird ein so genanntes \u00abSession-Cookie\u00bb gesetzt. Diese Datei dient ausschliesslich dazu, bestimmte Applikationen nutzen zu k\u00f6nnen. Sie k\u00f6nnen bei den meisten Webbrowsern die Einstellungen so \u00e4ndern, dass Ihr Browser neue Cookies nicht akzeptiert oder Sie k\u00f6nnen erhaltene Cookies l\u00f6schen lassen. Wie dies konkret f\u00fcr Ihren Browser funktioniert, kann in der Regel \u00fcber dessen Hilfe-Funktion in Erfahrung gebracht werden.<\/p>\n\n\n\n<p><strong>Keine Gew\u00e4hrleistung<\/strong><\/p>\n\n\n\n<p>Die publizierten Informationen von patterns2brain werden ausschliesslich zum pers\u00f6nlichen Gebrauch sowie zu Informationszwecken bereitgestellt; sie k\u00f6nnen jederzeit und ohne vorherige Ank\u00fcndigung ge\u00e4ndert werden. Patterns2brain kann keine Gew\u00e4hrleistung (weder ausdr\u00fccklich noch stillschweigend) f\u00fcr Richtigkeit, Vollst\u00e4ndigkeit und Aktualit\u00e4t der auf der Website publizierten Inhalte \u00fcbernehmen.<\/p>\n\n\n\n<p><strong>Haftungsausschluss<\/strong><\/p>\n\n\n\n<p>Patterns2brain schliesst uneingeschr\u00e4nkt jede Haftung f\u00fcr Verluste bzw. Sch\u00e4den irgendwelcher Art gesetzlich aus \u2013 sei es f\u00fcr direkte, indirekte oder Folgesch\u00e4den, die sich aus der Ben\u00fctzung der bzw. des Zugriffs auf die Website oder aus Links zu Websites Dritter ergeben sollten. Eine Haftung f\u00fcr Manipulationen am EDV-System des Users durch Unbefugte wird ausgeschlossen. Dabei weisen wir ausdr\u00fccklich auf die Gefahr von Viren und die M\u00f6glichkeit gezielter Hackerangriffe hin. Wir empfehlen die Verwendung von aktuellen Browser-Versionen sowie die Installation von laufend aktualisierter Anti-Virensoftware. Patterns2brain bem\u00fcht sich den jederzeitigen, ordnungsgem\u00e4ssen Betrieb des Services sicherzustellen, kann jedoch nicht die ununterbrochene Nutzbarkeit bzw. Erreichbarkeit des Service garantieren. Eine Haftung f\u00fcr technisch bedingte \u00dcbertragungsverz\u00f6gerungen oder Ausf\u00e4lle ist ausgeschlossen.<\/p>\n\n\n\n<p><strong>Verkn\u00fcpfte Websites (Links)<\/strong><\/p>\n\n\n\n<p>Unsere Websites und Anwendungen enthalten Links zu Websites, die von Drittanbietern betrieben und\/oder kontrolliert werden. Diese sind dem Einfluss von patterns2brain vollst\u00e4ndig entzogen, weshalb wir f\u00fcr Richtigkeit, Vollst\u00e4ndigkeit und Rechtm\u00e4ssigkeit des Inhalts solcher Websites sowie f\u00fcr allf\u00e4llige darauf enthaltene Angebote und (Dienst-)Leistungen keinerlei Verantwortung \u00fcbernehmen. Der einheitliche Ressourcenverweis (Uniform Record Locator, URL) gibt Ihnen dar\u00fcber Aufschluss, ob sich die besuchte Seite auf einer unserer Websites befindet.<\/p>\n\n\n\n<p><strong>Google Analytics<\/strong><\/p>\n\n\n\n<p>Diese Website nutzt Google Analytics, einen Webanalysedienst der Google Inc., 1600 Amphitheatre Parkway, Mountain View, CA 94043, USA. Google Analytics verwendet sog. \u00abCookies\u00bb, d.h. Textdateien, die auf Ihrem Computer gespeichert werden und die eine Analyse der Benutzung der Website durch Sie erm\u00f6glichen.<\/p>\n\n\n\n<p>Google nutzt diese Informationen, um im Auftrag des Betreibers dieser Website Ihre Nutzung der Website auszuwerten, um Reports \u00fcber die Websiteaktivit\u00e4ten zusammenzustellen und um weitere mit der Websitenutzung und der Internetnutzung verbundene Dienstleistungen gegen\u00fcber dem Websitebetreiber zu erbringen. Die im Rahmen von Google Analytics von Ihrem Browser \u00fcbermittelte IP-Adresse wird nicht mit anderen Daten von Google zusammengef\u00fchrt.<\/p>\n\n\n\n<p>Durch eine entsprechende Einstellung in Ihrem Browser k\u00f6nnen Sie die Speicherung der Cookies verhindern oder wieder l\u00f6schen.<\/p>\n\n\n\n<p><strong>Ihre Rechte<\/strong><\/p>\n\n\n\n<p>Ihnen stehen grunds\u00e4tzlich die Rechte auf Auskunft, Berichtigung, L\u00f6schung, Einschr\u00e4nkung, Daten\u00fcbertragbarkeit, Widerruf und Widerspruch zu.<\/p>\n\n\n\n<p>Sie erreichen uns unter folgenden Kontaktdaten:<\/p>\n\n\n\n<p>patterns2brain<br>Unterdorf 17<br>3208 Gurbr\u00fc<br>cecile@patterns2brain.ch<\/p>\n","protected":false},"excerpt":{"rendered":"<p>Allgemeiner Hinweis Wir legen gr\u00f6ssten Wert auf den Schutz Ihrer Daten und die Wahrung Ihrer Privatsph\u00e4re. Nachstehend informieren wir Sie deshalb \u00fcber die Erhebung und Verwendung pers\u00f6nlicher Daten bei der Nutzung unserer Website. Mit der Nutzung unserer Website stimmen Sie der Verarbeitung Ihrer personenbezogenen Daten nach Massgabe der nachfolgenden Bestimmungen zu. Wir weisen Sie darauf&hellip;&nbsp;<a href=\"https:\/\/www.patterns2brain.ch\/?page_id=3\" class=\"\" rel=\"bookmark\">Weiterlesen &raquo;<span class=\"screen-reader-text\">Datenschutzerkl\u00e4rung<\/span><\/a><\/p>\n","protected":false},"author":1,"featured_media":0,"parent":0,"menu_order":0,"comment_status":"closed","ping_status":"open","template":"","meta":{"neve_meta_sidebar":"","neve_meta_container":"","neve_meta_enable_content_width":"","neve_meta_content_width":0,"neve_meta_title_alignment":"","neve_meta_author_avatar":"","neve_post_elements_order":"","neve_meta_disable_header":"","neve_meta_disable_footer":"","neve_meta_disable_title":"off","_themeisle_gutenberg_block_has_review":false,"footnotes":""},"class_list":["post-3","page","type-page","status-publish","hentry"],"_links":{"self":[{"href":"https:\/\/www.patterns2brain.ch\/index.php?rest_route=\/wp\/v2\/pages\/3","targetHints":{"allow":["GET"]}}],"collection":[{"href":"https:\/\/www.patterns2brain.ch\/index.php?rest_route=\/wp\/v2\/pages"}],"about":[{"href":"https:\/\/www.patterns2brain.ch\/index.php?rest_route=\/wp\/v2\/types\/page"}],"author":[{"embeddable":true,"href":"https:\/\/www.patterns2brain.ch\/index.php?rest_route=\/wp\/v2\/users\/1"}],"replies":[{"embeddable":true,"href":"https:\/\/www.patterns2brain.ch\/index.php?rest_route=%2Fwp%2Fv2%2Fcomments&post=3"}],"version-history":[{"count":1,"href":"https:\/\/www.patterns2brain.ch\/index.php?rest_route=\/wp\/v2\/pages\/3\/revisions"}],"predecessor-version":[{"id":75,"href":"https:\/\/www.patterns2brain.ch\/index.php?rest_route=\/wp\/v2\/pages\/3\/revisions\/75"}],"wp:attachment":[{"href":"https:\/\/www.patterns2brain.ch\/index.php?rest_route=%2Fwp%2Fv2%2Fmedia&parent=3"}],"curies":[{"name":"wp","href":"https:\/\/api.w.org\/{rel}","templated":true}]}}